{"id":834,"date":"2021-03-03T15:39:55","date_gmt":"2021-03-03T14:39:55","guid":{"rendered":"https:\/\/www.windnode.net\/?page_id=834"},"modified":"2021-03-03T15:39:55","modified_gmt":"2021-03-03T14:39:55","slug":"vorausschauende-produktion","status":"publish","type":"page","link":"https:\/\/www.windnode.net\/index.php\/vorausschauende-produktion\/","title":{"rendered":"Vorausschauende Produktion"},"content":{"rendered":"\n<div class=\"wp-block-cover alignfull has-background-dim\" style=\"background-color:#5aaab4;min-height:101px;aspect-ratio:unset;\"><div class=\"wp-block-cover__inner-container is-layout-flow wp-block-cover-is-layout-flow\">\n<h1 class=\"has-text-align-center font-weight-700 has-text-color wp-block-heading\" style=\"color:#ff5a28;font-size:45px\">Vorausschauende Produktion<\/h1>\n\n\n\n<h2 class=\"has-text-align-center has-text-color wp-block-heading\" style=\"color:#1e7882\">Mit Produktionsdaten von heute die Produktion von morgen optimieren<\/h2>\n<\/div><\/div>\n\n\n\n<div class=\"wp-block-group alignfull\"><div class=\"wp-block-group__inner-container is-layout-flow wp-block-group-is-layout-flow\">\n<div class=\"wp-block-columns are-vertically-aligned-center is-layout-flex wp-container-core-columns-is-layout-28f84493 wp-block-columns-is-layout-flex\">\n<div class=\"wp-block-column is-vertically-aligned-center is-layout-flow wp-block-column-is-layout-flow\">\n<p>F\u00fcr Fertigungsunternehmen ist es \u00fcberlebenswichtig, sich gegen\u00fcber ihren Wettbewerbern so energie- und ressourceneffizient wie m\u00f6glich aufzustellen. Die windnode.net-L\u00f6sung f\u00fcr die Vorausschauende Produktion (Predictive Production) kombiniert Technologien und Methoden aus der Statistik, der Datenanalytik und der k\u00fcnstlichen Intelligenz, um Vorhersagen \u00fcber das beobachtete Produktionssystem zu treffen.<\/p>\n<\/div>\n\n\n\n<div class=\"wp-block-column is-vertically-aligned-center is-layout-flow wp-block-column-is-layout-flow\">\n<div class=\"wp-block-image\"><figure class=\"aligncenter size-large\"><img decoding=\"async\" src=\"https:\/\/www.windnode.net\/wp-content\/uploads\/2021\/03\/machine-data-fourier-transformation.jpg\" alt=\"\" class=\"wp-image-885\"\/><\/figure><\/div>\n<\/div>\n<\/div>\n\n\n\n<div class=\"wp-block-columns are-vertically-aligned-center is-layout-flex wp-container-core-columns-is-layout-28f84493 wp-block-columns-is-layout-flex\">\n<div class=\"wp-block-column is-vertically-aligned-center is-layout-flow wp-block-column-is-layout-flow\">\n<div class=\"wp-block-image\"><figure class=\"aligncenter size-large\"><img decoding=\"async\" src=\"https:\/\/www.windnode.net\/wp-content\/uploads\/2021\/03\/machine-temperature-measurement.jpg\" alt=\"\" class=\"wp-image-886\"\/><\/figure><\/div>\n<\/div>\n\n\n\n<div class=\"wp-block-column is-vertically-aligned-center is-layout-flow wp-block-column-is-layout-flow\">\n<p>Aus energetischer Sicht ist hierbei die Kenntnis der im Rahmen der einzelnen Maschinenvorg\u00e4nge innerhalb der jeweiligen Produktionslinie entstehenden Verbr\u00e4uche essentiell. F\u00fcr den Fall, dass diese Informationen nicht anhand bereits erfasster Maschinenparameter \u00fcber eine Datenschnittstelle ausgelesen werden k\u00f6nnen, kann mit einer zus\u00e4tzlich installierten Sensorik, beispielsweise zur Aufnahme von Drehzahlen oder Temperaturverl\u00e4ufen, das Datenmaterial aufgewertet werden. So lassen sich auch \u00e4ltere oder konventionell aufgebaute Maschinen in die Datenauswertung einbeziehen.<\/p>\n<\/div>\n<\/div>\n\n\n\n<div class=\"wp-block-columns is-layout-flex wp-container-core-columns-is-layout-28f84493 wp-block-columns-is-layout-flex\">\n<div class=\"wp-block-column is-vertically-aligned-top is-layout-flow wp-block-column-is-layout-flow\">\n<p>Die relevanten Daten werden in Form eines Mash-up zusammengef\u00fchrt. Je nach Aufgabenstellung des Anwenders werden damit funktionsspezifische Dashboards aufgebaut, in der der Spezialist seine ganz individuelle Sicht auf die Produktionsabl\u00e4ufe bekommt, z.B. als Produktionsplaner, Controller oder Wartungstechniker. Die verschiedenen Daten k\u00f6nnen gefiltert und miteinander korelliert werden. Durch den Einsatz von Maschinenlern-Verfahren lassen sich dar\u00fcber hinaus Prognosen treffen und im Idealfall entsprechende Ma\u00dfnahmen automatisiert einleiten.<\/p>\n<\/div>\n\n\n\n<div class=\"wp-block-column is-vertically-aligned-center is-layout-flow wp-block-column-is-layout-flow\">\n<div class=\"wp-block-image\"><figure class=\"aligncenter size-large\"><img decoding=\"async\" src=\"https:\/\/www.windnode.net\/wp-content\/uploads\/2021\/03\/machine-data-correlation.jpg\" alt=\"\" class=\"wp-image-884\"\/><\/figure><\/div>\n<\/div>\n<\/div>\n\n\n\n<div class=\"wp-block-columns are-vertically-aligned-center is-layout-flex wp-container-core-columns-is-layout-28f84493 wp-block-columns-is-layout-flex\">\n<div class=\"wp-block-column is-vertically-aligned-center is-layout-flow wp-block-column-is-layout-flow\">\n<div class=\"wp-block-image\"><figure class=\"aligncenter size-large\"><img decoding=\"async\" src=\"https:\/\/www.windnode.net\/wp-content\/uploads\/2021\/03\/machine-data-visualization-dashboard.jpg\" alt=\"\" class=\"wp-image-889\"\/><\/figure><\/div>\n<\/div>\n\n\n\n<div class=\"wp-block-column is-vertically-aligned-center is-layout-flow wp-block-column-is-layout-flow\">\n<p>Sind Sie daran interessiert, mit uns gemeinsam die Potentiale einer vorausschauenden Produktion und den damit m\u00f6glichen Energie- und Ressourceneinsparungen zu besprechen? Dann schreiben Sie bitte an<a href=\"http:\/\/mailto\/\">&nbsp;info@pumacy.de<\/a>.<\/p>\n<\/div>\n<\/div>\n<\/div><\/div>\n","protected":false},"excerpt":{"rendered":"<p>F\u00fcr Fertigungsunternehmen ist es \u00fcberlebenswichtig, sich gegen\u00fcber ihren Wettbewerbern so energie- und ressourceneffizient wie m\u00f6glich aufzustellen. Die windnode.net-L\u00f6sung f\u00fcr die [&hellip;]<\/p>\n","protected":false},"author":1,"featured_media":0,"parent":0,"menu_order":0,"comment_status":"closed","ping_status":"closed","template":"","meta":{"site-sidebar-layout":"default","site-content-layout":"default","ast-site-content-layout":"","site-content-style":"default","site-sidebar-style":"default","ast-global-header-display":"","ast-banner-title-visibility":"","ast-main-header-display":"","ast-hfb-above-header-display":"","ast-hfb-below-header-display":"","ast-hfb-mobile-header-display":"","site-post-title":"disabled","ast-breadcrumbs-content":"","ast-featured-img":"","footer-sml-layout":"","theme-transparent-header-meta":"default","adv-header-id-meta":"","stick-header-meta":"default","header-above-stick-meta":"","header-main-stick-meta":"","header-below-stick-meta":"","astra-migrate-meta-layouts":"default","ast-page-background-enabled":"default","ast-page-background-meta":{"desktop":{"background-color":"var(--ast-global-color-4)","background-image":"","background-repeat":"repeat","background-position":"center center","background-size":"auto","background-attachment":"scroll","background-type":"","background-media":"","overlay-type":"","overlay-color":"","overlay-opacity":"","overlay-gradient":""},"tablet":{"background-color":"","background-image":"","background-repeat":"repeat","background-position":"center center","background-size":"auto","background-attachment":"scroll","background-type":"","background-media":"","overlay-type":"","overlay-color":"","overlay-opacity":"","overlay-gradient":""},"mobile":{"background-color":"","background-image":"","background-repeat":"repeat","background-position":"center center","background-size":"auto","background-attachment":"scroll","background-type":"","background-media":"","overlay-type":"","overlay-color":"","overlay-opacity":"","overlay-gradient":""}},"ast-content-background-meta":{"desktop":{"background-color":"var(--ast-global-color-5)","background-image":"","background-repeat":"repeat","background-position":"center center","background-size":"auto","background-attachment":"scroll","background-type":"","background-media":"","overlay-type":"","overlay-color":"","overlay-opacity":"","overlay-gradient":""},"tablet":{"background-color":"var(--ast-global-color-5)","background-image":"","background-repeat":"repeat","background-position":"center center","background-size":"auto","background-attachment":"scroll","background-type":"","background-media":"","overlay-type":"","overlay-color":"","overlay-opacity":"","overlay-gradient":""},"mobile":{"background-color":"var(--ast-global-color-5)","background-image":"","background-repeat":"repeat","background-position":"center center","background-size":"auto","background-attachment":"scroll","background-type":"","background-media":"","overlay-type":"","overlay-color":"","overlay-opacity":"","overlay-gradient":""}},"footnotes":""},"class_list":["post-834","page","type-page","status-publish","hentry"],"_links":{"self":[{"href":"https:\/\/www.windnode.net\/index.php\/wp-json\/wp\/v2\/pages\/834","targetHints":{"allow":["GET"]}}],"collection":[{"href":"https:\/\/www.windnode.net\/index.php\/wp-json\/wp\/v2\/pages"}],"about":[{"href":"https:\/\/www.windnode.net\/index.php\/wp-json\/wp\/v2\/types\/page"}],"author":[{"embeddable":true,"href":"https:\/\/www.windnode.net\/index.php\/wp-json\/wp\/v2\/users\/1"}],"replies":[{"embeddable":true,"href":"https:\/\/www.windnode.net\/index.php\/wp-json\/wp\/v2\/comments?post=834"}],"version-history":[{"count":0,"href":"https:\/\/www.windnode.net\/index.php\/wp-json\/wp\/v2\/pages\/834\/revisions"}],"wp:attachment":[{"href":"https:\/\/www.windnode.net\/index.php\/wp-json\/wp\/v2\/media?parent=834"}],"curies":[{"name":"wp","href":"https:\/\/api.w.org\/{rel}","templated":true}]}}