{"id":68,"date":"2020-12-02T14:50:03","date_gmt":"2020-12-02T13:50:03","guid":{"rendered":"https:\/\/www.windnode.net\/?page_id=68"},"modified":"2024-05-15T13:34:18","modified_gmt":"2024-05-15T11:34:18","slug":"home-page-german","status":"publish","type":"page","link":"https:\/\/www.windnode.net\/","title":{"rendered":"Home"},"content":{"rendered":"\n<div class=\"wp-block-nk-awb nk-awb  alignfull nk-awb-2ePGLB\"><div class=\"nk-awb-wrap\" data-awb-type=\"image\" data-awb-parallax=\"scroll\" data-awb-parallax-speed=\"0.5\" data-awb-parallax-mobile=\"true\" data-awb-image-background-size=\"cover\" data-awb-image-background-position=\"50% 50%\" data-awb-mouse-parallax=\"true\" data-awb-mouse-parallax-size=\"30\" data-awb-mouse-parallax-speed=\"10000\"><div class=\"nk-awb-overlay\" style=\"background: rgba(0, 0, 0, 0.18);\"><\/div><div class=\"nk-awb-inner\"><img loading=\"lazy\" decoding=\"async\" src=\"https:\/\/www.windnode.net\/wp-content\/uploads\/2020\/12\/csm_shutterstock_121140877_2500x1500bearb_1bb7111cb1.jpg\" class=\"wp-image-107 jarallax-img\" width=\"1600\" height=\"800\" \/><\/div><\/div><div class=\"nk-awb-wrap-content is-layout-constrained wp-block-nk-awb-is-layout-constrained\">\n<div class=\"wp-block-buttons is-horizontal is-content-justification-center is-layout-flex wp-container-core-buttons-is-layout-03627597 wp-block-buttons-is-layout-flex\">\n<div class=\"wp-block-button btn-white font-weight-700\"><a class=\"wp-block-button__link wp-element-button\" href=\"https:\/\/www.windnode.net\/energiespiel\/\">WindNODE SMART ENERGY CITY<\/a><\/div>\n<\/div>\n\n\n\n<p class=\"has-text-align-center mb-0 has-white-color has-text-color\">Testen Sie Ihr Wissen im Quiz rund um erneuerbare Energien<\/p>\n<\/div><\/div>\n\n\n\n<div class=\"wp-block-nk-awb nk-awb  alignfull\"><div class=\"nk-awb-wrap-content is-layout-constrained wp-block-nk-awb-is-layout-constrained\">\n<section class=\"wp-block-uagb-columns uagb-columns__wrap uagb-columns__background-undefined uagb-columns__stack-mobile uagb-columns__valign-undefined uagb-columns__gap-20 alignundefined uagb-block-78ac0db7\"><div class=\"uagb-columns__overlay\"><\/div><div class=\"uagb-columns__inner-wrap uagb-columns__columns-3\">\n<div class=\"wp-block-uagb-column uagb-column__wrap uagb-column__background-image uagb-block-19aa82f9\"><div class=\"uagb-column__overlay\"><\/div><div class=\"uagb-column__inner-wrap\">\n<div class=\"wp-block-buttons is-content-justification-center\">\n<div class=\"wp-block-button btn-white\"><a class=\"wp-block-button__link\">Energie-<br>prognose<\/a><\/div>\n<\/div>\n<p class=\"has-text-align-center mb-0 has-white-color has-text-color\">Ermitteln Sie den Strommix an Ihrer Steckdose f\u00fcr die kommenden f\u00fcnf Tage<\/p>\n<\/div><\/div>\n<div class=\"wp-block-uagb-column uagb-column__wrap uagb-column__background-image uagb-block-fea02d3a\"><div class=\"uagb-column__overlay\"><\/div><div class=\"uagb-column__inner-wrap\">\n<div class=\"wp-block-buttons is-content-justification-center\">\n<div class=\"wp-block-button btn-white is-style-fill\"><a class=\"wp-block-button__link\">Gateway-<br>Konnektor<\/a><\/div>\n<\/div>\n<p class=\"has-text-align-center mb-0 has-white-color has-text-color\">Programmieren Sie Ihre Smarthome-Ger\u00e4te auf Basis unserer Stromprognosen<\/p>\n<\/div><\/div>\n<div class=\"wp-block-uagb-column uagb-column__wrap uagb-column__background-image uagb-block-e6998aec\"><div class=\"uagb-column__overlay\"><\/div><div class=\"uagb-column__inner-wrap\">\n<div class=\"wp-block-buttons is-content-justification-center\">\n<div class=\"wp-block-button btn-white\"><a class=\"wp-block-button__link\">Vorausschauende Produktion<\/a><\/div>\n<\/div>\n<p class=\"has-text-align-center mb-0 has-white-color has-text-color\">Erfahren Sie wie industriell genutze Energie gr\u00fcn und g\u00fcnstig wird<\/p>\n<\/div><\/div>\n<\/div><\/section>\n<\/div><\/div>\n\n\n\n<div class=\"wp-block-nk-awb nk-awb  alignfull nk-awb-DTrbn\"><div class=\"nk-awb-wrap\" data-awb-type=\"image\" data-awb-parallax=\"scroll\" data-awb-parallax-speed=\"0.5\" data-awb-parallax-mobile=\"true\" data-awb-image-background-size=\"cover\" data-awb-image-background-position=\"50% 50%\" data-awb-mouse-parallax=\"true\" data-awb-mouse-parallax-size=\"30\" data-awb-mouse-parallax-speed=\"10000\"><div class=\"nk-awb-overlay\" style=\"background: rgba(0, 0, 0, 0.18);\"><\/div><div class=\"nk-awb-inner\"><img loading=\"lazy\" decoding=\"async\" src=\"https:\/\/www.windnode.net\/wp-content\/uploads\/2021\/03\/Ueber-WindNODE_02.jpg\" class=\"wp-image-800 jarallax-img\" width=\"1440\" height=\"720\" \/><\/div><\/div><div class=\"nk-awb-wrap-content is-layout-constrained wp-block-nk-awb-is-layout-constrained\">\n<div class=\"wp-block-buttons is-horizontal is-content-justification-center is-layout-flex wp-container-core-buttons-is-layout-03627597 wp-block-buttons-is-layout-flex\">\n<div class=\"wp-block-button btn-white font-weight-700\"><a class=\"wp-block-button__link wp-element-button\" href=\"https:\/\/www.windnode.net\/energiespiel\/\">Was ist WindNODE?<\/a><\/div>\n<\/div>\n\n\n\n<p class=\"has-text-align-center mb-0 has-white-color has-text-color\">Erfahren Sie mehr \u00fcber das Schaufenster f\u00fcr intelligente Energie<\/p>\n<\/div><\/div>\n\n\n\n<div class=\"wp-block-nk-awb nk-awb  alignfull\"><div class=\"nk-awb-wrap-content is-layout-constrained wp-block-nk-awb-is-layout-constrained\">\n<section class=\"wp-block-uagb-columns uagb-columns__wrap uagb-columns__background-undefined uagb-columns__stack-mobile uagb-columns__valign-undefined uagb-columns__gap-10 alignundefined uagb-block-2b12c485\"><div class=\"uagb-columns__overlay\"><\/div><div class=\"uagb-columns__inner-wrap uagb-columns__columns-1\">\n<div class=\"wp-block-uagb-column uagb-column__wrap uagb-column__background-undefined uagb-block-8740e7c2\"><div class=\"uagb-column__overlay\"><\/div><div class=\"uagb-column__inner-wrap\">\n<p>Das Energiesystem der Zukunft soll den Wechsel von fossilen Energietr\u00e4gern hin zu erneuerbaren Quellen vollziehen. Damit einher geht die Ver\u00e4nderung des Gesamtsystems: Energie wird immer dezentraler und volatiler. Um sie auch k\u00fcnftig beherrschen zu k\u00f6nnen m\u00fcssen wir einen neuen intelligenten Umgang mir ihr erlernen. Jederzeit die hierf\u00fcr relevanten Daten zur Verf\u00fcgung gestellt zu bekommen, ist grundlegende Basis zur Umsetzung des neuen Energiesystems.<\/p>\n<\/div><\/div>\n<\/div><\/section>\n\n\n\n<section class=\"wp-block-uagb-columns uagb-columns__wrap uagb-columns__background-undefined uagb-columns__stack-mobile uagb-columns__valign-undefined uagb-columns__gap-10 alignundefined uagb-block-f9c97aad\"><div class=\"uagb-columns__overlay\"><\/div><div class=\"uagb-columns__inner-wrap uagb-columns__columns-3\">\n<div class=\"wp-block-uagb-column uagb-column__wrap uagb-column__background-undefined uagb-block-600e5e56\"><div class=\"uagb-column__overlay\"><\/div><div class=\"uagb-column__inner-wrap\">\n<div class=\"wp-block-image\"><figure class=\"aligncenter size-large is-resized\"><img loading=\"lazy\" decoding=\"async\" src=\"https:\/\/www.windnode.net\/wp-content\/uploads\/2020\/12\/IKT-Plattform-cloud.png\" alt=\"\" class=\"wp-image-128\" width=\"300\" height=\"300\"\/><\/figure><\/div>\n<\/div><\/div>\n<div class=\"wp-block-uagb-column uagb-column__wrap uagb-column__background-undefined uagb-block-3d9ce8a6\"><div class=\"uagb-column__overlay\"><\/div><div class=\"uagb-column__inner-wrap\">\n<div class=\"wp-block-image\"><figure class=\"aligncenter size-large is-resized\"><img loading=\"lazy\" decoding=\"async\" src=\"https:\/\/www.windnode.net\/wp-content\/uploads\/2020\/12\/flexible-erzeugung-wind.png\" alt=\"\" class=\"wp-image-127\" width=\"300\" height=\"300\"\/><\/figure><\/div>\n<\/div><\/div>\n<div class=\"wp-block-uagb-column uagb-column__wrap uagb-column__background-undefined uagb-block-02e1baea\"><div class=\"uagb-column__overlay\"><\/div><div class=\"uagb-column__inner-wrap\">\n<div class=\"wp-block-image\"><figure class=\"aligncenter size-large is-resized\"><img loading=\"lazy\" decoding=\"async\" src=\"https:\/\/www.windnode.net\/wp-content\/uploads\/2020\/12\/betriebskonzepte-tower.png\" alt=\"\" class=\"wp-image-121\" width=\"300\" height=\"300\"\/><\/figure><\/div>\n<\/div><\/div>\n<\/div><\/section>\n\n\n\n<section class=\"wp-block-uagb-columns uagb-columns__wrap uagb-columns__background-undefined uagb-columns__stack-mobile uagb-columns__valign-undefined uagb-columns__gap-10 alignundefined uagb-block-2ebdacbd\"><div class=\"uagb-columns__overlay\"><\/div><div class=\"uagb-columns__inner-wrap uagb-columns__columns-1\">\n<div class=\"wp-block-uagb-column uagb-column__wrap uagb-column__background-undefined uagb-block-fa05f4ac\"><div class=\"uagb-column__overlay\"><\/div><div class=\"uagb-column__inner-wrap\">\n<p>Windnode.net ist die im Rahmen de BMWi-Schaufensterprojektes&nbsp;<a href=\"https:\/\/www.windnode.de\/\">WindNODE<\/a>&nbsp;enstandene Markt- und Verbraucherplattform. Hier werden mit Hilfe so genannter \u201eSuchbasierter Anwendungen (Search-based Applications, SBA) verschiedenartige energierelevante Daten indiziert, miteinander korreliert und letzendlich visualisiert um daraus neue Verbraucher- und Betreibermodelle entwickeln zu k\u00f6nnen.<\/p>\n<p>Unser&nbsp;<a href=\"https:\/\/www.windnode.net\/energiespiel\/\" target=\"_blank\" rel=\"noreferrer noopener\">Energiespiel<\/a>&nbsp;soll hierbei einen spielerischen Einstieg in die Materie der erneuerbaren Energien und ihrer Anwendungsm\u00f6glichkeiten geben.<\/p>\n<\/div><\/div>\n<\/div><\/section>\n\n\n\n<section class=\"wp-block-uagb-columns uagb-columns__wrap uagb-columns__background-undefined uagb-columns__stack-mobile uagb-columns__valign-undefined uagb-columns__gap-10 alignundefined uagb-block-6c02367d\"><div class=\"uagb-columns__overlay\"><\/div><div class=\"uagb-columns__inner-wrap uagb-columns__columns-3\">\n<div class=\"wp-block-uagb-column uagb-column__wrap uagb-column__background-undefined uagb-block-fc1e7272\"><div class=\"uagb-column__overlay\"><\/div><div class=\"uagb-column__inner-wrap\">\n<div class=\"wp-block-image\"><figure class=\"aligncenter size-large is-resized\"><img loading=\"lazy\" decoding=\"async\" src=\"https:\/\/www.windnode.net\/wp-content\/uploads\/2020\/12\/IKT-Plattform-cloud.png\" alt=\"\" class=\"wp-image-128\" width=\"300\" height=\"300\"\/><\/figure><\/div>\n<\/div><\/div>\n<div class=\"wp-block-uagb-column uagb-column__wrap uagb-column__background-undefined uagb-block-5517f870\"><div class=\"uagb-column__overlay\"><\/div><div class=\"uagb-column__inner-wrap\">\n<div class=\"wp-block-image\"><figure class=\"aligncenter size-large\"><img decoding=\"async\" src=\"https:\/\/www.windnode.net\/wp-content\/uploads\/2020\/12\/marktdesign-traffic.png\" alt=\"\" class=\"wp-image-131\"\/><\/figure><\/div>\n<\/div><\/div>\n<div class=\"wp-block-uagb-column uagb-column__wrap uagb-column__background-undefined uagb-block-5f7e0aac\"><div class=\"uagb-column__overlay\"><\/div><div class=\"uagb-column__inner-wrap\">\n<div class=\"wp-block-image\"><figure class=\"aligncenter size-large\"><img decoding=\"async\" src=\"https:\/\/www.windnode.net\/wp-content\/uploads\/2020\/12\/flexibilitaetsoptionen.png\" alt=\"\" class=\"wp-image-124\"\/><\/figure><\/div>\n<\/div><\/div>\n<\/div><\/section>\n\n\n\n<section class=\"wp-block-uagb-columns uagb-columns__wrap uagb-columns__background-undefined uagb-columns__stack-mobile uagb-columns__valign-undefined uagb-columns__gap-10 alignundefined uagb-block-30545db1\"><div class=\"uagb-columns__overlay\"><\/div><div class=\"uagb-columns__inner-wrap uagb-columns__columns-1\">\n<div class=\"wp-block-uagb-column uagb-column__wrap uagb-column__background-undefined uagb-block-4b78a937\"><div class=\"uagb-column__overlay\"><\/div><div class=\"uagb-column__inner-wrap\">\n<p>Mit der&nbsp;<a href=\"https:\/\/www.windnode.net\/energieprognose\/\">Energieprognose<\/a>&nbsp;untersuchen Sie, aus welchen Bestandteilen der Energiemix in Ihrer Region zusammensetzt. Nicht nur f\u00fcr die Vergangenheit, wir schauen auch in die Zukunft.<\/p>\n<p>Unser&nbsp;<a href=\"https:\/\/www.windnode.net\/gateway-konnektor\/\">Gateway-Konnektor<\/a>&nbsp;gibt dem interessierten Verbraucher die M\u00f6glichkeit, automatisiert per Zeitsteuerung \u00fcber die Nutzung regenerativer und\/oder g\u00fcnstiger Energiequellen selbst zu mitzuentscheiden.<\/p>\n<p>Die&nbsp;<a href=\"https:\/\/www.windnode.net\/vorausschauende-produktion\/\">Vorausschauende Produktion<\/a>&nbsp;letztendlich ist f\u00fcr industrielle Anwender gedacht. Hier erfahren Sie, wie windnode.net Ihnen bei einer effektiveren und nachhaltigeren Energienutzung helfen kann.<\/p>\n<\/div><\/div>\n<\/div><\/section>\n<\/div><\/div>\n","protected":false},"excerpt":{"rendered":"","protected":false},"author":1,"featured_media":106,"parent":0,"menu_order":0,"comment_status":"closed","ping_status":"closed","template":"","meta":{"site-sidebar-layout":"no-sidebar","site-content-layout":"page-builder","ast-site-content-layout":"","site-content-style":"default","site-sidebar-style":"default","ast-global-header-display":"","ast-banner-title-visibility":"","ast-main-header-display":"","ast-hfb-above-header-display":"","ast-hfb-below-header-display":"","ast-hfb-mobile-header-display":"","site-post-title":"disabled","ast-breadcrumbs-content":"disabled","ast-featured-img":"disabled","footer-sml-layout":"","theme-transparent-header-meta":"default","adv-header-id-meta":"","stick-header-meta":"default","header-above-stick-meta":"","header-main-stick-meta":"","header-below-stick-meta":"","astra-migrate-meta-layouts":"default","ast-page-background-enabled":"default","ast-page-background-meta":{"desktop":{"background-color":"var(--ast-global-color-4)","background-image":"","background-repeat":"repeat","background-position":"center center","background-size":"auto","background-attachment":"scroll","background-type":"","background-media":"","overlay-type":"","overlay-color":"","overlay-opacity":"","overlay-gradient":""},"tablet":{"background-color":"","background-image":"","background-repeat":"repeat","background-position":"center center","background-size":"auto","background-attachment":"scroll","background-type":"","background-media":"","overlay-type":"","overlay-color":"","overlay-opacity":"","overlay-gradient":""},"mobile":{"background-color":"","background-image":"","background-repeat":"repeat","background-position":"center center","background-size":"auto","background-attachment":"scroll","background-type":"","background-media":"","overlay-type":"","overlay-color":"","overlay-opacity":"","overlay-gradient":""}},"ast-content-background-meta":{"desktop":{"background-color":"var(--ast-global-color-5)","background-image":"","background-repeat":"repeat","background-position":"center center","background-size":"auto","background-attachment":"scroll","background-type":"","background-media":"","overlay-type":"","overlay-color":"","overlay-opacity":"","overlay-gradient":""},"tablet":{"background-color":"var(--ast-global-color-5)","background-image":"","background-repeat":"repeat","background-position":"center center","background-size":"auto","background-attachment":"scroll","background-type":"","background-media":"","overlay-type":"","overlay-color":"","overlay-opacity":"","overlay-gradient":""},"mobile":{"background-color":"var(--ast-global-color-5)","background-image":"","background-repeat":"repeat","background-position":"center center","background-size":"auto","background-attachment":"scroll","background-type":"","background-media":"","overlay-type":"","overlay-color":"","overlay-opacity":"","overlay-gradient":""}},"footnotes":""},"class_list":["post-68","page","type-page","status-publish","has-post-thumbnail","hentry"],"_links":{"self":[{"href":"https:\/\/www.windnode.net\/index.php\/wp-json\/wp\/v2\/pages\/68","targetHints":{"allow":["GET"]}}],"collection":[{"href":"https:\/\/www.windnode.net\/index.php\/wp-json\/wp\/v2\/pages"}],"about":[{"href":"https:\/\/www.windnode.net\/index.php\/wp-json\/wp\/v2\/types\/page"}],"author":[{"embeddable":true,"href":"https:\/\/www.windnode.net\/index.php\/wp-json\/wp\/v2\/users\/1"}],"replies":[{"embeddable":true,"href":"https:\/\/www.windnode.net\/index.php\/wp-json\/wp\/v2\/comments?post=68"}],"version-history":[{"count":2,"href":"https:\/\/www.windnode.net\/index.php\/wp-json\/wp\/v2\/pages\/68\/revisions"}],"predecessor-version":[{"id":854,"href":"https:\/\/www.windnode.net\/index.php\/wp-json\/wp\/v2\/pages\/68\/revisions\/854"}],"wp:featuredmedia":[{"embeddable":true,"href":"https:\/\/www.windnode.net\/index.php\/wp-json\/"}],"wp:attachment":[{"href":"https:\/\/www.windnode.net\/index.php\/wp-json\/wp\/v2\/media?parent=68"}],"curies":[{"name":"wp","href":"https:\/\/api.w.org\/{rel}","templated":true}]}}