{"id":408,"date":"2021-02-12T11:06:48","date_gmt":"2021-02-12T10:06:48","guid":{"rendered":"https:\/\/www.windnode.net\/?page_id=408"},"modified":"2025-05-14T12:29:28","modified_gmt":"2025-05-14T10:29:28","slug":"gateway-konnektor","status":"publish","type":"page","link":"https:\/\/www.windnode.net\/index.php\/gateway-konnektor\/","title":{"rendered":"Gateway-Konnektor"},"content":{"rendered":"\n<div style=\"padding-bottom:3%;padding-top:3%\" class=\"wp-block-atomic-blocks-ab-container ab-block-container\"><div class=\"ab-container-inside\"><div class=\"ab-container-content\" style=\"max-width:1200px\">\n<p>Unser Gateway-Konnektor ist eine Schnittstelle, die Elektroger\u00e4te in die Lage versetzt, den Strom intelligent zu ganz konkreten Zeiten abzurufen. Beispielsweise k\u00f6nnen Sie so besonders preisg\u00fcnstige Bezugszeiten nutzen und\/oder genau dann Ihren Verbrauch hochfahren, wenn der Anteil regenerativer Energiequellen besonders hoch ist.<\/p>\n<iframe src=\"https:\/\/demo.windnode.net\/login.php\" style=\"width:100%;height:220px\"><\/iframe>\n<p>Nun k\u00f6nnen Sie sowohl periodische als auch einmalige Aufrufe erstellen. Als Ausgangsdaten ben\u00f6tigen Sie hierbei Ihre Postleitzahl und Angaben dar\u00fcber, um wieviel Uhr und in welcher Periode das Elektroger\u00e4t f\u00fcr wieviel Stunden Strom ben\u00f6tigen wird. Verschieben Sie so Ihren Verbrauch entweder in besonders preisg\u00fcnstige Bezugszeiten oder in Zeiten, zu denen in Ihrer N\u00e4he besonders viel Gr\u00fcnstrom produziert wird.<\/p>\n<p>Zu den f\u00fcr Sie optimalen Zeitr\u00e4umen werden Signale an Ihr smartes Endger\u00e4t geschickt, um es an- bzw. auszuschalten. Technisch gesehen, erfolgt dieser Request per Aufruf einer URL. Der Webserver Ihres Endger\u00e4tes kann so die Ger\u00e4te durch die von uns zum g\u00fcnstigen Zeitpunkt verschickten \u201eHTTP GET Requests\u201c ansteuern.<\/p>\n<figure class=\"wp-block-image size-large is-style-default\"><img decoding=\"async\" src=\"https:\/\/www.windnode.net\/wp-content\/uploads\/2021\/03\/Screenshot_periodischer-Aufruf_01-1024x350.png\" alt=\"\" class=\"wp-image-794\"\/><\/figure>\n<p>Nachfolgend ein Beispiel: Sie haben zuhause eine Nachtspeicherheizung, die jeden Tag zwei Stunden Strom ben\u00f6tigt. Die Strombezugszeiten sind auf Strom\u00fcberschuss optimiert.<\/p>\n<figure class=\"wp-block-image size-large\"><img decoding=\"async\" src=\"https:\/\/www.windnode.net\/wp-content\/uploads\/2021\/03\/Beispiel-Nachtspeicherheizung1-1024x326.jpg\" alt=\"\" class=\"wp-image-795\"\/><\/figure>\n<p>Sie wollen mit eigenen User-Daten und &#8222;echten&#8220; Endger\u00e4ten unseren Gateway-Konnektor ausprobieren? Dann schreiben Sie bitte an<a href=\"http:\/\/mailto\" data-type=\"URL\" data-id=\"mailto\"> info@pumacy.de<\/a>.<\/p>\n<\/div><\/div><\/div>\n\n\n\n<p><\/p>\n","protected":false},"excerpt":{"rendered":"<p>Unser Gateway-Konnektor ist eine Schnittstelle, die Elektroger\u00e4te in die Lage versetzt, den Strom intelligent zu ganz konkreten Zeiten abzurufen. Beispielsweise [&hellip;]<\/p>\n","protected":false},"author":1,"featured_media":0,"parent":0,"menu_order":0,"comment_status":"closed","ping_status":"closed","template":"","meta":{"site-sidebar-layout":"default","site-content-layout":"","ast-site-content-layout":"","site-content-style":"default","site-sidebar-style":"default","ast-global-header-display":"","ast-banner-title-visibility":"","ast-main-header-display":"","ast-hfb-above-header-display":"","ast-hfb-below-header-display":"","ast-hfb-mobile-header-display":"","site-post-title":"","ast-breadcrumbs-content":"","ast-featured-img":"","footer-sml-layout":"","theme-transparent-header-meta":"","adv-header-id-meta":"","stick-header-meta":"","header-above-stick-meta":"","header-main-stick-meta":"","header-below-stick-meta":"","astra-migrate-meta-layouts":"default","ast-page-background-enabled":"default","ast-page-background-meta":{"desktop":{"background-color":"var(--ast-global-color-4)","background-image":"","background-repeat":"repeat","background-position":"center center","background-size":"auto","background-attachment":"scroll","background-type":"","background-media":"","overlay-type":"","overlay-color":"","overlay-opacity":"","overlay-gradient":""},"tablet":{"background-color":"","background-image":"","background-repeat":"repeat","background-position":"center center","background-size":"auto","background-attachment":"scroll","background-type":"","background-media":"","overlay-type":"","overlay-color":"","overlay-opacity":"","overlay-gradient":""},"mobile":{"background-color":"","background-image":"","background-repeat":"repeat","background-position":"center center","background-size":"auto","background-attachment":"scroll","background-type":"","background-media":"","overlay-type":"","overlay-color":"","overlay-opacity":"","overlay-gradient":""}},"ast-content-background-meta":{"desktop":{"background-color":"var(--ast-global-color-5)","background-image":"","background-repeat":"repeat","background-position":"center center","background-size":"auto","background-attachment":"scroll","background-type":"","background-media":"","overlay-type":"","overlay-color":"","overlay-opacity":"","overlay-gradient":""},"tablet":{"background-color":"var(--ast-global-color-5)","background-image":"","background-repeat":"repeat","background-position":"center center","background-size":"auto","background-attachment":"scroll","background-type":"","background-media":"","overlay-type":"","overlay-color":"","overlay-opacity":"","overlay-gradient":""},"mobile":{"background-color":"var(--ast-global-color-5)","background-image":"","background-repeat":"repeat","background-position":"center center","background-size":"auto","background-attachment":"scroll","background-type":"","background-media":"","overlay-type":"","overlay-color":"","overlay-opacity":"","overlay-gradient":""}},"footnotes":""},"class_list":["post-408","page","type-page","status-publish","hentry"],"_links":{"self":[{"href":"https:\/\/www.windnode.net\/index.php\/wp-json\/wp\/v2\/pages\/408","targetHints":{"allow":["GET"]}}],"collection":[{"href":"https:\/\/www.windnode.net\/index.php\/wp-json\/wp\/v2\/pages"}],"about":[{"href":"https:\/\/www.windnode.net\/index.php\/wp-json\/wp\/v2\/types\/page"}],"author":[{"embeddable":true,"href":"https:\/\/www.windnode.net\/index.php\/wp-json\/wp\/v2\/users\/1"}],"replies":[{"embeddable":true,"href":"https:\/\/www.windnode.net\/index.php\/wp-json\/wp\/v2\/comments?post=408"}],"version-history":[{"count":1,"href":"https:\/\/www.windnode.net\/index.php\/wp-json\/wp\/v2\/pages\/408\/revisions"}],"predecessor-version":[{"id":863,"href":"https:\/\/www.windnode.net\/index.php\/wp-json\/wp\/v2\/pages\/408\/revisions\/863"}],"wp:attachment":[{"href":"https:\/\/www.windnode.net\/index.php\/wp-json\/wp\/v2\/media?parent=408"}],"curies":[{"name":"wp","href":"https:\/\/api.w.org\/{rel}","templated":true}]}}