{"id":274,"date":"2021-02-04T14:32:39","date_gmt":"2021-02-04T13:32:39","guid":{"rendered":"https:\/\/www.windnode.net\/?page_id=274"},"modified":"2025-05-14T12:26:52","modified_gmt":"2025-05-14T10:26:52","slug":"energieprognose","status":"publish","type":"page","link":"https:\/\/www.windnode.net\/index.php\/energieprognose\/","title":{"rendered":"Energieprognose"},"content":{"rendered":"\n<div class=\"wp-block-group alignfull is-layout-flow wp-block-group-is-layout-flow\">\n<div class=\"wp-block-columns is-layout-flex wp-container-core-columns-is-layout-28f84493 wp-block-columns-is-layout-flex\">\n<div class=\"wp-block-column is-layout-flow wp-block-column-is-layout-flow\">\n<p>Sie haben bereits einen &#8222;\u00d6ko&#8220;-Stromtarif bestehend aus 100% regenerativer Energiequellen oder wollen auf einen ebensolchen umsteigen? Und Sie bekommen den auch geliefert? Weitgefehlt, ganz so einfach ist das leider nicht. Strom sucht sich immer den Weg des geringsten Widerstandes &#8211; das kann man fast w\u00f6rtlich nehmen. Und so ist es in der Natur der Sache, dass der von Ihnen angeforderte bzw. verbrauchte Strom von zum jeweiligen Zeitpunkt an den nahe liegendsten Einspeisepunkten verf\u00fcgbaren Stromangebot abh\u00e4ngig ist. Das hei\u00dft, auch wenn Sie laut Ihrem Tarif nur erneuerbare Energien beziehen, kann Ihr individueller Strommix aus der Steckdose ein komplett anderer sein. Immerhin tun Sie dennoch Gutes, denn durch die Wahl Ihres Stromtarifs bestimmen Sie selbst, wie die von Ihnen angeforderte Menge Energie erzeugt wird.<\/p>\n\n\n\n<p>F\u00fcr die windnode.net -Energieprognose f\u00fchren wir Daten aus unterschiedlichen Quellen zusammen und verschneiden sie. So gelingt es uns, Ihnen Ihren ganz individuellen <strong>echten<\/strong> Strommix anzuzeigen. Neben den vergangenen Zeitr\u00e4umen k\u00f6nnen wir dabei auch bis zu 5 Tage voraus in die Zukunft schauen.<\/p>\n<\/div>\n<\/div>\n\n\n\n<h3 class=\"wp-block-heading has-text-align-center\">Der Strommix in Ihrem Postleitzahlenbereich<\/h3>\n\n\n\n<iframe src=\"https:\/\/demo.windnode.net\/login.php\" style=\"width:100%;height:220px\"><\/iframe>\n\n\n\n<p>Powered with data from&nbsp;<a href=\"https:\/\/www.windnode.de\/\">WindNODE<\/a>,&nbsp;<a href=\"http:\/\/www.climacell.co\/\">climacell<\/a>, and&nbsp;<a href=\"http:\/\/www.stromdao.de\/\">Stromdao<\/a>.<\/p>\n<\/div>\n\n\n\n<p><\/p>\n","protected":false},"excerpt":{"rendered":"<p>Sie haben bereits einen &#8222;\u00d6ko&#8220;-Stromtarif bestehend aus 100% regenerativer Energiequellen oder wollen auf einen ebensolchen umsteigen? Und Sie bekommen den [&hellip;]<\/p>\n","protected":false},"author":1,"featured_media":0,"parent":0,"menu_order":0,"comment_status":"closed","ping_status":"closed","template":"","meta":{"site-sidebar-layout":"default","site-content-layout":"default","ast-site-content-layout":"","site-content-style":"default","site-sidebar-style":"default","ast-global-header-display":"","ast-banner-title-visibility":"","ast-main-header-display":"","ast-hfb-above-header-display":"","ast-hfb-below-header-display":"","ast-hfb-mobile-header-display":"","site-post-title":"disabled","ast-breadcrumbs-content":"","ast-featured-img":"","footer-sml-layout":"","theme-transparent-header-meta":"default","adv-header-id-meta":"","stick-header-meta":"default","header-above-stick-meta":"","header-main-stick-meta":"","header-below-stick-meta":"","astra-migrate-meta-layouts":"default","ast-page-background-enabled":"default","ast-page-background-meta":{"desktop":{"background-color":"var(--ast-global-color-4)","background-image":"","background-repeat":"repeat","background-position":"center center","background-size":"auto","background-attachment":"scroll","background-type":"","background-media":"","overlay-type":"","overlay-color":"","overlay-opacity":"","overlay-gradient":""},"tablet":{"background-color":"","background-image":"","background-repeat":"repeat","background-position":"center center","background-size":"auto","background-attachment":"scroll","background-type":"","background-media":"","overlay-type":"","overlay-color":"","overlay-opacity":"","overlay-gradient":""},"mobile":{"background-color":"","background-image":"","background-repeat":"repeat","background-position":"center center","background-size":"auto","background-attachment":"scroll","background-type":"","background-media":"","overlay-type":"","overlay-color":"","overlay-opacity":"","overlay-gradient":""}},"ast-content-background-meta":{"desktop":{"background-color":"var(--ast-global-color-5)","background-image":"","background-repeat":"repeat","background-position":"center center","background-size":"auto","background-attachment":"scroll","background-type":"","background-media":"","overlay-type":"","overlay-color":"","overlay-opacity":"","overlay-gradient":""},"tablet":{"background-color":"var(--ast-global-color-5)","background-image":"","background-repeat":"repeat","background-position":"center center","background-size":"auto","background-attachment":"scroll","background-type":"","background-media":"","overlay-type":"","overlay-color":"","overlay-opacity":"","overlay-gradient":""},"mobile":{"background-color":"var(--ast-global-color-5)","background-image":"","background-repeat":"repeat","background-position":"center center","background-size":"auto","background-attachment":"scroll","background-type":"","background-media":"","overlay-type":"","overlay-color":"","overlay-opacity":"","overlay-gradient":""}},"footnotes":""},"class_list":["post-274","page","type-page","status-publish","hentry"],"_links":{"self":[{"href":"https:\/\/www.windnode.net\/index.php\/wp-json\/wp\/v2\/pages\/274","targetHints":{"allow":["GET"]}}],"collection":[{"href":"https:\/\/www.windnode.net\/index.php\/wp-json\/wp\/v2\/pages"}],"about":[{"href":"https:\/\/www.windnode.net\/index.php\/wp-json\/wp\/v2\/types\/page"}],"author":[{"embeddable":true,"href":"https:\/\/www.windnode.net\/index.php\/wp-json\/wp\/v2\/users\/1"}],"replies":[{"embeddable":true,"href":"https:\/\/www.windnode.net\/index.php\/wp-json\/wp\/v2\/comments?post=274"}],"version-history":[{"count":3,"href":"https:\/\/www.windnode.net\/index.php\/wp-json\/wp\/v2\/pages\/274\/revisions"}],"predecessor-version":[{"id":861,"href":"https:\/\/www.windnode.net\/index.php\/wp-json\/wp\/v2\/pages\/274\/revisions\/861"}],"wp:attachment":[{"href":"https:\/\/www.windnode.net\/index.php\/wp-json\/wp\/v2\/media?parent=274"}],"curies":[{"name":"wp","href":"https:\/\/api.w.org\/{rel}","templated":true}]}}